{"id":1084,"date":"2018-02-18T20:12:49","date_gmt":"2018-02-18T20:12:49","guid":{"rendered":"http:\/\/www.insidetours.ch\/?page_id=1084"},"modified":"2018-02-18T21:01:21","modified_gmt":"2018-02-18T21:01:21","slug":"2017-reise-nach-slowenien","status":"publish","type":"page","link":"https:\/\/www.insidetours.ch\/?page_id=1084","title":{"rendered":"2017 Reise nach Slowenien"},"content":{"rendered":"<p><img loading=\"lazy\" src=\"http:\/\/www.insidetours.ch\/wp-content\/uploads\/2018\/02\/20170504_132438-e1518987422850-300x117.jpg\" alt=\"\" class=\"alignnone wp-image-1097 \" width=\"436\" height=\"170\" srcset=\"https:\/\/www.insidetours.ch\/wp-content\/uploads\/2018\/02\/20170504_132438-e1518987422850-300x117.jpg 300w, https:\/\/www.insidetours.ch\/wp-content\/uploads\/2018\/02\/20170504_132438-e1518987422850-600x234.jpg 600w, https:\/\/www.insidetours.ch\/wp-content\/uploads\/2018\/02\/20170504_132438-e1518987422850-768x299.jpg 768w, https:\/\/www.insidetours.ch\/wp-content\/uploads\/2018\/02\/20170504_132438-e1518987422850-1024x399.jpg 1024w\" sizes=\"(max-width: 436px) 100vw, 436px\" \/><img loading=\"lazy\" src=\"http:\/\/www.insidetours.ch\/wp-content\/uploads\/2018\/02\/20170503_164831-e1518986658242-169x300.jpg\" alt=\"\" class=\" wp-image-1094 alignright\" width=\"233\" height=\"413\" srcset=\"https:\/\/www.insidetours.ch\/wp-content\/uploads\/2018\/02\/20170503_164831-e1518986658242-169x300.jpg 169w, https:\/\/www.insidetours.ch\/wp-content\/uploads\/2018\/02\/20170503_164831-e1518986658242-600x1067.jpg 600w, https:\/\/www.insidetours.ch\/wp-content\/uploads\/2018\/02\/20170503_164831-e1518986658242-768x1365.jpg 768w, https:\/\/www.insidetours.ch\/wp-content\/uploads\/2018\/02\/20170503_164831-e1518986658242-576x1024.jpg 576w, https:\/\/www.insidetours.ch\/wp-content\/uploads\/2018\/02\/20170503_164831-e1518986658242-scaled.jpg 1440w\" sizes=\"(max-width: 233px) 100vw, 233px\" \/><\/p>\n<p>&nbsp;<\/p>\n<p>Dieses Mal durfte ich einen lieben Menschen in meine Heimat f\u00fchren.\u00a0Der Weg f\u00fchrte uns \u00fcber Salzburt nach Slowenien. Nat\u00fcrlich gingen wir unter anderem sch\u00f6ne Orte wie Ljubljanas Alsatadt, Bled, und Piran anschauen. Es waren sehr heimelige und sch\u00f6ne Tage und ich bin dankbar diese so genossen zu haben.<br \/>\nAuch mein Vater hatte Freude \u00fcber unseren Besuch.<\/p>\n<p>&nbsp;<\/p>\n<p style=\"text-align: right;\">Dir Sandra, liebe Gr\u00fcsse und vielen Dank!<\/p>\n<p>&nbsp;<\/p>\n<p>&nbsp;<\/p>\n<p><img loading=\"lazy\" src=\"http:\/\/www.insidetours.ch\/wp-content\/uploads\/2018\/02\/20170506_135353-300x169.jpg\" alt=\"\" class=\"alignnone wp-image-1098\" width=\"357\" height=\"201\" srcset=\"https:\/\/www.insidetours.ch\/wp-content\/uploads\/2018\/02\/20170506_135353-300x169.jpg 300w, https:\/\/www.insidetours.ch\/wp-content\/uploads\/2018\/02\/20170506_135353-600x338.jpg 600w, https:\/\/www.insidetours.ch\/wp-content\/uploads\/2018\/02\/20170506_135353-768x432.jpg 768w, https:\/\/www.insidetours.ch\/wp-content\/uploads\/2018\/02\/20170506_135353-1024x576.jpg 1024w, https:\/\/www.insidetours.ch\/wp-content\/uploads\/2018\/02\/20170506_135353.jpg 1920w\" sizes=\"(max-width: 357px) 100vw, 357px\" \/> <img loading=\"lazy\" src=\"http:\/\/www.insidetours.ch\/wp-content\/uploads\/2018\/02\/20170502_150039-300x169.jpg\" alt=\"\" class=\"alignnone wp-image-1092\" width=\"362\" height=\"204\" srcset=\"https:\/\/www.insidetours.ch\/wp-content\/uploads\/2018\/02\/20170502_150039-300x169.jpg 300w, https:\/\/www.insidetours.ch\/wp-content\/uploads\/2018\/02\/20170502_150039-600x338.jpg 600w, https:\/\/www.insidetours.ch\/wp-content\/uploads\/2018\/02\/20170502_150039-768x432.jpg 768w, https:\/\/www.insidetours.ch\/wp-content\/uploads\/2018\/02\/20170502_150039-1024x576.jpg 1024w\" sizes=\"(max-width: 362px) 100vw, 362px\" \/><img loading=\"lazy\" src=\"http:\/\/www.insidetours.ch\/wp-content\/uploads\/2018\/02\/20170504_100634-300x169.jpg\" alt=\"\" class=\"alignnone wp-image-1096\" width=\"359\" height=\"202\" srcset=\"https:\/\/www.insidetours.ch\/wp-content\/uploads\/2018\/02\/20170504_100634-300x169.jpg 300w, https:\/\/www.insidetours.ch\/wp-content\/uploads\/2018\/02\/20170504_100634-600x338.jpg 600w, https:\/\/www.insidetours.ch\/wp-content\/uploads\/2018\/02\/20170504_100634-768x432.jpg 768w, https:\/\/www.insidetours.ch\/wp-content\/uploads\/2018\/02\/20170504_100634-1024x576.jpg 1024w, https:\/\/www.insidetours.ch\/wp-content\/uploads\/2018\/02\/20170504_100634.jpg 1920w\" sizes=\"(max-width: 359px) 100vw, 359px\" \/> <img loading=\"lazy\" src=\"http:\/\/www.insidetours.ch\/wp-content\/uploads\/2018\/02\/20170504_094235-300x169.jpg\" alt=\"\" class=\"alignnone wp-image-1095\" width=\"362\" height=\"204\" srcset=\"https:\/\/www.insidetours.ch\/wp-content\/uploads\/2018\/02\/20170504_094235-300x169.jpg 300w, https:\/\/www.insidetours.ch\/wp-content\/uploads\/2018\/02\/20170504_094235-600x338.jpg 600w, https:\/\/www.insidetours.ch\/wp-content\/uploads\/2018\/02\/20170504_094235-768x432.jpg 768w, https:\/\/www.insidetours.ch\/wp-content\/uploads\/2018\/02\/20170504_094235-1024x576.jpg 1024w\" sizes=\"(max-width: 362px) 100vw, 362px\" \/><img loading=\"lazy\" src=\"http:\/\/www.insidetours.ch\/wp-content\/uploads\/2018\/02\/20170507_074818-300x169.jpg\" alt=\"\" class=\"alignnone wp-image-1099\" width=\"358\" height=\"202\" srcset=\"https:\/\/www.insidetours.ch\/wp-content\/uploads\/2018\/02\/20170507_074818-300x169.jpg 300w, https:\/\/www.insidetours.ch\/wp-content\/uploads\/2018\/02\/20170507_074818-600x338.jpg 600w, https:\/\/www.insidetours.ch\/wp-content\/uploads\/2018\/02\/20170507_074818-768x432.jpg 768w, https:\/\/www.insidetours.ch\/wp-content\/uploads\/2018\/02\/20170507_074818-1024x576.jpg 1024w, https:\/\/www.insidetours.ch\/wp-content\/uploads\/2018\/02\/20170507_074818.jpg 1920w\" sizes=\"(max-width: 358px) 100vw, 358px\" \/> <img loading=\"lazy\" src=\"http:\/\/www.insidetours.ch\/wp-content\/uploads\/2018\/02\/20170503_101654-300x169.jpg\" alt=\"\" class=\"alignnone wp-image-1093\" width=\"360\" height=\"203\" srcset=\"https:\/\/www.insidetours.ch\/wp-content\/uploads\/2018\/02\/20170503_101654-300x169.jpg 300w, https:\/\/www.insidetours.ch\/wp-content\/uploads\/2018\/02\/20170503_101654-600x338.jpg 600w, https:\/\/www.insidetours.ch\/wp-content\/uploads\/2018\/02\/20170503_101654-768x432.jpg 768w, https:\/\/www.insidetours.ch\/wp-content\/uploads\/2018\/02\/20170503_101654-1024x576.jpg 1024w\" sizes=\"(max-width: 360px) 100vw, 360px\" \/><\/p>\n<p>&nbsp;<\/p>\n<p>&nbsp;<\/p>\n","protected":false},"excerpt":{"rendered":"<p>&nbsp; Dieses Mal durfte ich einen lieben Menschen in meine Heimat f\u00fchren.\u00a0Der Weg f\u00fchrte uns \u00fcber Salzburt nach Slowenien. Nat\u00fcrlich gingen wir unter anderem sch\u00f6ne Orte wie Ljubljanas Alsatadt, Bled, und Piran anschauen. Es waren sehr heimelige und sch\u00f6ne Tage und ich bin dankbar diese so genossen zu haben. Auch [&hellip;]<\/p>\n","protected":false},"author":2,"featured_media":0,"parent":29,"menu_order":0,"comment_status":"closed","ping_status":"closed","template":"","meta":{"_links_to":"","_links_to_target":""},"_links":{"self":[{"href":"https:\/\/www.insidetours.ch\/index.php?rest_route=\/wp\/v2\/pages\/1084"}],"collection":[{"href":"https:\/\/www.insidetours.ch\/index.php?rest_route=\/wp\/v2\/pages"}],"about":[{"href":"https:\/\/www.insidetours.ch\/index.php?rest_route=\/wp\/v2\/types\/page"}],"author":[{"embeddable":true,"href":"https:\/\/www.insidetours.ch\/index.php?rest_route=\/wp\/v2\/users\/2"}],"replies":[{"embeddable":true,"href":"https:\/\/www.insidetours.ch\/index.php?rest_route=%2Fwp%2Fv2%2Fcomments&post=1084"}],"version-history":[{"count":10,"href":"https:\/\/www.insidetours.ch\/index.php?rest_route=\/wp\/v2\/pages\/1084\/revisions"}],"predecessor-version":[{"id":1108,"href":"https:\/\/www.insidetours.ch\/index.php?rest_route=\/wp\/v2\/pages\/1084\/revisions\/1108"}],"up":[{"embeddable":true,"href":"https:\/\/www.insidetours.ch\/index.php?rest_route=\/wp\/v2\/pages\/29"}],"wp:attachment":[{"href":"https:\/\/www.insidetours.ch\/index.php?rest_route=%2Fwp%2Fv2%2Fmedia&parent=1084"}],"curies":[{"name":"wp","href":"https:\/\/api.w.org\/{rel}","templated":true}]}}