{"id":262,"date":"2016-10-06T10:28:19","date_gmt":"2016-10-06T10:28:19","guid":{"rendered":"http:\/\/127.0.0.1\/wordpress\/?page_id=262"},"modified":"2017-01-11T00:10:53","modified_gmt":"2017-01-11T00:10:53","slug":"supportiv-listening","status":"publish","type":"page","link":"https:\/\/www.insidetours.ch\/?page_id=262","title":{"rendered":"Supportive Listening"},"content":{"rendered":"<p class=\"align-center\"><b>Das wichtigste Werkzeug des Circleways beim Zuh\u00f6ren ist das Supportive Listening, das unterst\u00fctzte Zuh\u00f6ren.<\/b><\/p>\n<p>Basierend auf dem \u00fcberlieferten Wissen, dass der Mensch unschuldig und mit einem eigenen reinen Wesenskern in diese Welt geboren wird und die Pr\u00e4gungen erst in den zwischenmenschlichen Erfahrungen und Interaktionen gemacht werden, bietet das Supportive Listengin einen gesch\u00fctzten Rahmen um seine eigene Welt der Pr\u00e4gungen und das daraus resultierende Handeln besser zu verstehen. Dies passiert durch das wieder wahrnehmen der eigenen Gedanken und Gef\u00fchlswert und dem Lernen, diesen wieder mehr Ausdruck zu geben. Egal ob negativ oder Positiv. Die eigenen Erkenntnisse welche z.B. verletzend waren, wieder kennen zu lernen und zum Ausdruck zu bringen bedeutet Heilung. Da das Ausdr\u00fccken der inneren vergangenen Gef\u00fchlswelten damals nicht stattgefunden hat, wurden die Gef\u00fchle von unseren \u201eSchutzmechanismen\u201c auf eine bewusst ertragbare Weise moduliert und f\u00fchrten zu einem Coopingverhalten das je nach dem mehrheitlich weniger Vorteilhaft im Handeln zur Geltung kommt. Durch das Ausdr\u00fccken der verborgenen Gef\u00fchle, ben\u00f6tigen wir den Schutzmechanismus nicht mehr und sind frei, die Coopingstrategie zu \u00fcberpr\u00fcfen und durch eine neue Haltung oder Entscheid zu erneuern. Somit sind wir nicht mehr gezwungen, den Schmerz aus der Vergangenheit ins hier und Jetzt zu tragen, sondern finden Vers\u00f6hnung mit sich und den eigenen Erfahrungen. Das Supportive Listening erm\u00f6glicht dem Zuh\u00f6rer Verst\u00e4ndnis f\u00fcr diese Ebene der Innenwelten anderer Menschen zu entwickeln. Dies f\u00fchrt zur mitmenschlichen Liebe und dem besseren Verst\u00e4ndnis und Liebe f\u00fcr sich selbst.<\/p>\n","protected":false},"excerpt":{"rendered":"<p>Das wichtigste Werkzeug des Circleways beim Zuh\u00f6ren ist das Supportive Listening, das unterst\u00fctzte Zuh\u00f6ren. Basierend auf dem \u00fcberlieferten Wissen, dass der Mensch unschuldig und mit einem eigenen reinen Wesenskern in diese Welt geboren wird und die Pr\u00e4gungen erst in den zwischenmenschlichen Erfahrungen und Interaktionen gemacht werden, bietet das Supportive Listengin [&hellip;]<\/p>\n","protected":false},"author":2,"featured_media":0,"parent":19,"menu_order":5,"comment_status":"closed","ping_status":"closed","template":"","meta":{"_links_to":"","_links_to_target":""},"_links":{"self":[{"href":"https:\/\/www.insidetours.ch\/index.php?rest_route=\/wp\/v2\/pages\/262"}],"collection":[{"href":"https:\/\/www.insidetours.ch\/index.php?rest_route=\/wp\/v2\/pages"}],"about":[{"href":"https:\/\/www.insidetours.ch\/index.php?rest_route=\/wp\/v2\/types\/page"}],"author":[{"embeddable":true,"href":"https:\/\/www.insidetours.ch\/index.php?rest_route=\/wp\/v2\/users\/2"}],"replies":[{"embeddable":true,"href":"https:\/\/www.insidetours.ch\/index.php?rest_route=%2Fwp%2Fv2%2Fcomments&post=262"}],"version-history":[{"count":3,"href":"https:\/\/www.insidetours.ch\/index.php?rest_route=\/wp\/v2\/pages\/262\/revisions"}],"predecessor-version":[{"id":828,"href":"https:\/\/www.insidetours.ch\/index.php?rest_route=\/wp\/v2\/pages\/262\/revisions\/828"}],"up":[{"embeddable":true,"href":"https:\/\/www.insidetours.ch\/index.php?rest_route=\/wp\/v2\/pages\/19"}],"wp:attachment":[{"href":"https:\/\/www.insidetours.ch\/index.php?rest_route=%2Fwp%2Fv2%2Fmedia&parent=262"}],"curies":[{"name":"wp","href":"https:\/\/api.w.org\/{rel}","templated":true}]}}