{"id":29,"date":"2016-09-26T14:14:25","date_gmt":"2016-09-26T14:14:25","guid":{"rendered":"http:\/\/127.0.0.1\/wordpress\/?page_id=29"},"modified":"2017-01-26T21:10:32","modified_gmt":"2017-01-26T21:10:32","slug":"erlebnispaedagogik","status":"publish","type":"page","link":"https:\/\/www.insidetours.ch\/?page_id=29","title":{"rendered":"Erlebnisp\u00e4dagogik Reiseberichte"},"content":{"rendered":"<p>Die systemisch erlebnisp\u00e4dagogische Arbeit beinhaltet viele Techniken und Methoden aus der kreativ-rituellen Prozessgestaltung, welche ein sich Aufhalten in den eigenen und gemeinsamen Welten erm\u00f6glicht und ein handlungs- und ressourcenorientiertes Setting bietet. Somit kann dieser Raum f\u00fcr die bed\u00fcrfnissorientierte Arbeit mit Gruppen und Einzelpersonen genutzt werden.<\/p>\n<p>&nbsp;<\/p>\n<p><img loading=\"lazy\" class=\"wp-image-592 aligncenter\" src=\"http:\/\/www.insidetours.ch\/wp-content\/uploads\/2017\/01\/P1030422-300x225.jpeg\" alt=\"\" width=\"487\" height=\"365\" srcset=\"https:\/\/www.insidetours.ch\/wp-content\/uploads\/2017\/01\/P1030422-300x225.jpeg 300w, https:\/\/www.insidetours.ch\/wp-content\/uploads\/2017\/01\/P1030422-600x450.jpeg 600w, https:\/\/www.insidetours.ch\/wp-content\/uploads\/2017\/01\/P1030422.jpeg 640w\" sizes=\"(max-width: 487px) 100vw, 487px\" \/><\/p>\n<p style=\"text-align: center;\">Sozialer Kosmos<\/p>\n<p>&nbsp;<\/p>\n<p>Zitat: &#8220;Die Methoden der systemischen Erlebnisp\u00e4dagogik entstammen der natursportlich gepr\u00e4gten Erlebnisp\u00e4dagogik und dem Fundus systemischer Therapie und Beratung, der die Vorlagen f\u00fcr die Entwicklung p\u00e4dagogischer Arbeitsformen zur Verf\u00fcgung stellte. F\u00fcr den erlebnisp\u00e4dagogischen Einsatz sind eigens abgewandelte Methodenvarianten entwickelt worden. Auch die M\u00f6glichkeiten der Naturerfahrung haben eine methodische Erweiterung erfahren. Entstanden ist eine bunte handlungsorientierte Methodenpalette, die st\u00e4ndig weiterentwickelt wird und darauf ausgerichtet ist, Menschen in ihrer Ganzheit und in ihren Bez\u00fcgen anzusprechen und ressourcen- und l\u00f6sungsorientierte Wege zu f\u00f6rdern.&#8221;<\/p>\n<p style=\"text-align: right;\"><em>Quelle: Buch, Lexikon Erlebnisp\u00e4dagogik<\/em><\/p>\n<p style=\"text-align: right;\">\n<p style=\"text-align: center;\"><a href=\"http:\/\/www.insidetours.ch\/?page_id=888\">Alle Reiseberichte im \u00dcberblick<\/a><\/p>\n","protected":false},"excerpt":{"rendered":"<p>Die systemisch erlebnisp\u00e4dagogische Arbeit beinhaltet viele Techniken und Methoden aus der kreativ-rituellen Prozessgestaltung, welche ein sich Aufhalten in den eigenen und gemeinsamen Welten erm\u00f6glicht und ein handlungs- und ressourcenorientiertes Setting bietet. Somit kann dieser Raum f\u00fcr die bed\u00fcrfnissorientierte Arbeit mit Gruppen und Einzelpersonen genutzt werden. &nbsp; Sozialer Kosmos &nbsp; Zitat: [&hellip;]<\/p>\n","protected":false},"author":2,"featured_media":0,"parent":180,"menu_order":15,"comment_status":"closed","ping_status":"closed","template":"","meta":{"_links_to":"","_links_to_target":""},"_links":{"self":[{"href":"https:\/\/www.insidetours.ch\/index.php?rest_route=\/wp\/v2\/pages\/29"}],"collection":[{"href":"https:\/\/www.insidetours.ch\/index.php?rest_route=\/wp\/v2\/pages"}],"about":[{"href":"https:\/\/www.insidetours.ch\/index.php?rest_route=\/wp\/v2\/types\/page"}],"author":[{"embeddable":true,"href":"https:\/\/www.insidetours.ch\/index.php?rest_route=\/wp\/v2\/users\/2"}],"replies":[{"embeddable":true,"href":"https:\/\/www.insidetours.ch\/index.php?rest_route=%2Fwp%2Fv2%2Fcomments&post=29"}],"version-history":[{"count":11,"href":"https:\/\/www.insidetours.ch\/index.php?rest_route=\/wp\/v2\/pages\/29\/revisions"}],"predecessor-version":[{"id":894,"href":"https:\/\/www.insidetours.ch\/index.php?rest_route=\/wp\/v2\/pages\/29\/revisions\/894"}],"up":[{"embeddable":true,"href":"https:\/\/www.insidetours.ch\/index.php?rest_route=\/wp\/v2\/pages\/180"}],"wp:attachment":[{"href":"https:\/\/www.insidetours.ch\/index.php?rest_route=%2Fwp%2Fv2%2Fmedia&parent=29"}],"curies":[{"name":"wp","href":"https:\/\/api.w.org\/{rel}","templated":true}]}}