{"id":36,"date":"2016-09-26T14:17:14","date_gmt":"2016-09-26T14:17:14","guid":{"rendered":"http:\/\/127.0.0.1\/wordpress\/?page_id=36"},"modified":"2025-03-24T22:58:36","modified_gmt":"2025-03-24T22:58:36","slug":"home","status":"publish","type":"page","link":"https:\/\/www.insidetours.ch\/","title":{"rendered":"F\u00f6rdere dein Potential"},"content":{"rendered":"\n<div class=\"wp-block-image\"><figure class=\"aligncenter is-resized\"><img loading=\"lazy\" src=\"http:\/\/www.insidetours.ch\/wp-content\/uploads\/2017\/01\/schrift-e1474988384356-300x93.png\" alt=\"\" class=\"wp-image-538\" width=\"529\" height=\"164\" srcset=\"https:\/\/www.insidetours.ch\/wp-content\/uploads\/2017\/01\/schrift-e1474988384356-300x93.png 300w, https:\/\/www.insidetours.ch\/wp-content\/uploads\/2017\/01\/schrift-e1474988384356-600x186.png 600w, https:\/\/www.insidetours.ch\/wp-content\/uploads\/2017\/01\/schrift-e1474988384356-768x238.png 768w, https:\/\/www.insidetours.ch\/wp-content\/uploads\/2017\/01\/schrift-e1474988384356-1024x318.png 1024w, https:\/\/www.insidetours.ch\/wp-content\/uploads\/2017\/01\/schrift-e1474988384356.png 2000w\" sizes=\"(max-width: 529px) 100vw, 529px\" \/><\/figure><\/div>\n\n\n\n<div class=\"wp-block-image\"><figure class=\"aligncenter\"><img loading=\"lazy\" width=\"280\" height=\"300\" src=\"http:\/\/www.insidetours.ch\/wp-content\/uploads\/2017\/01\/Jetzt-fertigshirt-Kopie-280x300.png\" alt=\"\" class=\"wp-image-526\" srcset=\"https:\/\/www.insidetours.ch\/wp-content\/uploads\/2017\/01\/Jetzt-fertigshirt-Kopie-280x300.png 280w, https:\/\/www.insidetours.ch\/wp-content\/uploads\/2017\/01\/Jetzt-fertigshirt-Kopie-600x643.png 600w, https:\/\/www.insidetours.ch\/wp-content\/uploads\/2017\/01\/Jetzt-fertigshirt-Kopie-768x823.png 768w, https:\/\/www.insidetours.ch\/wp-content\/uploads\/2017\/01\/Jetzt-fertigshirt-Kopie-955x1024.png 955w\" sizes=\"(max-width: 280px) 100vw, 280px\" \/><\/figure><\/div>\n\n\n\n<div class=\"wp-block-buttons\">\n<div class=\"wp-block-button\"><a class=\"wp-block-button__link has-background\" href=\"https:\/\/www.insidetours.ch\/?page_id=1485 noopener\" style=\"background-color:#d90004\" target=\"_blank\" rel=\"https:\/\/www.insidetours.ch\/?page_id=1485 noopener\">Survival Kurs buchen<\/a><\/div>\n\n\n\n<div class=\"wp-block-button is-style-fill\"><a class=\"wp-block-button__link has-white-color has-text-color has-background\" href=\"http:\/\/www.circleway.org\/schedule.html\" style=\"background-color:#d90004\" target=\"_blank\" rel=\"http:\/\/www.circleway.org\/schedule.html noopener\">Manitonquattrip 2025  Circleway <\/a><\/div>\n\n\n\n<div class=\"wp-block-button\"><a class=\"wp-block-button__link has-background\" href=\"mailto:Info@insidetours.ch\" style=\"background-color:#d90004\">Anfrage f\u00fcr individuelle Fachbegleitung<\/a><\/div>\n<\/div>\n\n\n<p style=\"text-align: center;\"><span style=\"color: #ff0000;\"><\/span>&#8230; eine Reise in neue Welten.<\/p>\n<h1 style=\"text-align: center;\">Was erlebst du bei Insidetours&#8230;<\/h1>\n<p><\/p>\n<div id=\"metaslider-id-4\" style=\"width: 100%;\" class=\"ml-slider-3-20-1 metaslider metaslider-flex metaslider-4 ml-slider nav-hidden\">\n    <div id=\"metaslider_container_4\">\n        <div id=\"metaslider_4\">\n            <ul aria-live=\"polite\" class=\"slides\">\n                <li style=\"display: block; width: 100%;\" class=\"slide-474 ms-image\"><img src=\"https:\/\/www.insidetours.ch\/wp-content\/uploads\/2017\/01\/20160621_111830-2448x1836-2448x1468.jpg\" height=\"1800\" width=\"3000\" alt=\"Circleway Camp Avalon Elfis\" class=\"slider-4 slide-474\" \/><\/li>\n                <li style=\"display: none; width: 100%;\" class=\"slide-593 ms-image\"><img src=\"https:\/\/www.insidetours.ch\/wp-content\/uploads\/2017\/01\/P1100635-2560x1536.jpg\" height=\"1800\" width=\"3000\" alt=\"Circleway Camp Ober\u00f6sterreich Nahopra\" class=\"slider-4 slide-593\" \/><\/li>\n                <li style=\"display: none; width: 100%;\" class=\"slide-444 ms-image\"><img src=\"https:\/\/www.insidetours.ch\/wp-content\/uploads\/2017\/01\/20120805_110348-scaled-2560x1536.jpg\" height=\"1800\" width=\"3000\" alt=\"Insidetours Slowenien\" class=\"slider-4 slide-444\" \/><\/li>\n                <li style=\"display: none; width: 100%;\" class=\"slide-491 ms-image\"><img src=\"https:\/\/www.insidetours.ch\/wp-content\/uploads\/2017\/01\/02112008002-1-1600x960.jpg\" height=\"1800\" width=\"3000\" alt=\"Insidetours Wanderung\" class=\"slider-4 slide-491\" \/><\/li>\n                <li style=\"display: none; width: 100%;\" class=\"slide-511 ms-image\"><img src=\"https:\/\/www.insidetours.ch\/wp-content\/uploads\/2017\/01\/IMG_1887-scaled-1920x1152.jpg\" height=\"1800\" width=\"3000\" alt=\"Insidetours Ferien in Slowenien\" class=\"slider-4 slide-511\" \/><\/li>\n                <li style=\"display: none; width: 100%;\" class=\"slide-451 ms-image\"><img src=\"https:\/\/www.insidetours.ch\/wp-content\/uploads\/2017\/01\/20130126_214738-scaled-1920x1152.jpg\" height=\"1800\" width=\"3000\" alt=\"Insidetours Planoalto Schneeschuhmodul \" class=\"slider-4 slide-451\" \/><\/li>\n                <li style=\"display: none; width: 100%;\" class=\"slide-499 ms-image\"><img src=\"https:\/\/www.insidetours.ch\/wp-content\/uploads\/2017\/01\/DSC00235-1632x979.jpg\" height=\"1800\" width=\"3000\" alt=\"Wanderung S\u00e4ntis Insidetours\" class=\"slider-4 slide-499\" \/><\/li>\n                <li style=\"display: none; width: 100%;\" class=\"slide-716 ms-image\"><img src=\"https:\/\/www.insidetours.ch\/wp-content\/uploads\/2017\/01\/P1030304-640x384.jpeg\" height=\"1800\" width=\"3000\" alt=\"Planoalto Grichenland\" class=\"slider-4 slide-716\" \/><\/li>\n                <li style=\"display: none; width: 100%;\" class=\"slide-529 ms-image\"><img src=\"https:\/\/www.insidetours.ch\/wp-content\/uploads\/2017\/01\/KRPG17_01_Einstieg_01-scaled-2560x1536.jpg\" height=\"1800\" width=\"3000\" alt=\"Planoalto Erlebnisp\u00e4dagogik\" class=\"slider-4 slide-529\" \/><\/li>\n                <li style=\"display: none; width: 100%;\" class=\"slide-554 ms-image\"><img src=\"https:\/\/www.insidetours.ch\/wp-content\/uploads\/2017\/01\/20130816_153018-2-scaled-2560x1536.jpg\" height=\"1800\" width=\"3000\" alt=\"Kinderbetreuung Camp \u00d6sterreich\" class=\"slider-4 slide-554\" \/><\/li>\n                <li style=\"display: none; width: 100%;\" class=\"slide-576 ms-image\"><img src=\"https:\/\/www.insidetours.ch\/wp-content\/uploads\/2017\/01\/IMG_0575-2-4000x3000-scaled-2560x1536.jpg\" height=\"1800\" width=\"3000\" alt=\"Aachen G\u00e4ste\" class=\"slider-4 slide-576\" \/><\/li>\n                <li style=\"display: none; width: 100%;\" class=\"slide-559 ms-image\"><img src=\"https:\/\/www.insidetours.ch\/wp-content\/uploads\/2017\/01\/20130824_113809-2-3263x2448-scaled-2560x1536.jpg\" height=\"1800\" width=\"3000\" alt=\"Circleway Camp \u00d6sterreich Kinderbetreuung\" class=\"slider-4 slide-559\" \/><\/li>\n                <li style=\"display: none; width: 100%;\" class=\"slide-568 ms-image\"><img src=\"https:\/\/www.insidetours.ch\/wp-content\/uploads\/2017\/01\/DSC00794-2-3647x2736-scaled-2560x1536.jpg\" height=\"1800\" width=\"3000\" alt=\"Insidetours Slowenien Ferien\" class=\"slider-4 slide-568\" \/><\/li>\n                <li style=\"display: none; width: 100%;\" class=\"slide-574 ms-image\"><img src=\"https:\/\/www.insidetours.ch\/wp-content\/uploads\/2017\/01\/DSC01265-2-1224x918-1224x734.jpg\" height=\"1800\" width=\"3000\" alt=\"Voenix S\u00e4ntis Schweiz\" class=\"slider-4 slide-574\" \/><\/li>\n                <li style=\"display: none; width: 100%;\" class=\"slide-577 ms-image\"><img src=\"https:\/\/www.insidetours.ch\/wp-content\/uploads\/2017\/01\/IMG_0699-2-scaled-2560x1536.jpg\" height=\"1800\" width=\"3000\" alt=\"Aachen Besuch Kanufahrt Bodensee\" class=\"slider-4 slide-577\" \/><\/li>\n                <li style=\"display: none; width: 100%;\" class=\"slide-569 ms-image\"><img src=\"https:\/\/www.insidetours.ch\/wp-content\/uploads\/2017\/01\/DSC00849-2-scaled-2560x1536.jpg\" height=\"1800\" width=\"3000\" alt=\"Insidetours Plitvicer seen\" class=\"slider-4 slide-569\" \/><\/li>\n                <li style=\"display: none; width: 100%;\" class=\"slide-475 ms-image\"><img src=\"https:\/\/www.insidetours.ch\/wp-content\/uploads\/2017\/01\/20160621_191325-scaled-2400x1440.jpg\" height=\"1800\" width=\"3000\" alt=\"Circleway Camp Elfis Avalon\" class=\"slider-4 slide-475\" \/><\/li>\n                <li style=\"display: none; width: 100%;\" class=\"slide-582 ms-image\"><img src=\"https:\/\/www.insidetours.ch\/wp-content\/uploads\/2017\/01\/IMG_0726-2-4000x3000-scaled-2560x1536.jpg\" height=\"1800\" width=\"3000\" alt=\"Flussfahrt Kanu Bodensee\" class=\"slider-4 slide-582\" \/><\/li>\n                <li style=\"display: none; width: 100%;\" class=\"slide-584 ms-image\"><img src=\"https:\/\/www.insidetours.ch\/wp-content\/uploads\/2017\/01\/imm001_00A-2-1160x870-1160x696.jpg\" height=\"1800\" width=\"3000\" alt=\"Flusswanderung Bamboo Urnesch\" class=\"slider-4 slide-584\" \/><\/li>\n                <li style=\"display: none; width: 100%;\" class=\"slide-589 ms-image\"><img src=\"https:\/\/www.insidetours.ch\/wp-content\/uploads\/2017\/01\/KRPG17_01_Einstieg_37-2-scaled-2560x1536.jpg\" height=\"1800\" width=\"3000\" alt=\"Feuer Essen \" class=\"slider-4 slide-589\" \/><\/li>\n                <li style=\"display: none; width: 100%;\" class=\"slide-449 ms-image\"><img src=\"https:\/\/www.insidetours.ch\/wp-content\/uploads\/2017\/01\/20130126_130444-e1478807913800-2218x1664-2218x1330.jpg\" height=\"1800\" width=\"3000\" alt=\"Schneeschuhe Modul Erlebnisp\u00e4dagogik\" class=\"slider-4 slide-449\" \/><\/li>\n                <li style=\"display: none; width: 100%;\" class=\"slide-563 ms-image\"><img src=\"https:\/\/www.insidetours.ch\/wp-content\/uploads\/2017\/01\/Biographie-39-860x645-860x516.jpeg\" height=\"1800\" width=\"3000\" alt=\"\" class=\"slider-4 slide-563\" \/><\/li>\n                <li style=\"display: none; width: 100%;\" class=\"slide-571 ms-image\"><img src=\"https:\/\/www.insidetours.ch\/wp-content\/uploads\/2017\/01\/DSC00867-scaled-2560x1536.jpg\" height=\"1800\" width=\"3000\" alt=\"Insidetours Ferienbegleitung Slovenien\" class=\"slider-4 slide-571\" \/><\/li>\n                <li style=\"display: none; width: 100%;\" class=\"slide-566 ms-image\"><img src=\"https:\/\/www.insidetours.ch\/wp-content\/uploads\/2017\/01\/DSC00780-3647x2736-scaled-2560x1536.jpg\" height=\"1800\" width=\"3000\" alt=\"Schlafen im Stroh\" class=\"slider-4 slide-566\" \/><\/li>\n                <li style=\"display: none; width: 100%;\" class=\"slide-592 ms-image\"><img src=\"https:\/\/www.insidetours.ch\/wp-content\/uploads\/2017\/01\/P1030422-640x384.jpeg\" height=\"1800\" width=\"3000\" alt=\"Sozialer Kosmos\" class=\"slider-4 slide-592\" \/><\/li>\n                <li style=\"display: none; width: 100%;\" class=\"slide-591 ms-image\"><img src=\"https:\/\/www.insidetours.ch\/wp-content\/uploads\/2017\/01\/P1030379-640x384.jpeg\" height=\"1800\" width=\"3000\" alt=\"Griechenland\" class=\"slider-4 slide-591\" \/><\/li>\n                <li style=\"display: none; width: 100%;\" class=\"slide-556 ms-image\"><img src=\"https:\/\/www.insidetours.ch\/wp-content\/uploads\/2017\/01\/20130818_194700-2-scaled-2560x1536.jpg\" height=\"1800\" width=\"3000\" alt=\"Nahopra Circleway Camp \u00d6sterreich\" class=\"slider-4 slide-556\" \/><\/li>\n                <li style=\"display: none; width: 100%;\" class=\"slide-717 ms-image\"><img src=\"https:\/\/www.insidetours.ch\/wp-content\/uploads\/2017\/01\/359A9441-640x384.jpeg\" height=\"1800\" width=\"3000\" alt=\"Planoalto schneeschuhwanserung\" class=\"slider-4 slide-717\" \/><\/li>\n                <li style=\"display: none; width: 100%;\" class=\"slide-718 ms-image\"><img src=\"https:\/\/www.insidetours.ch\/wp-content\/uploads\/2017\/01\/20121024_193629-scaled-2560x1536.jpg\" height=\"1800\" width=\"3000\" alt=\"griechenland strand ferien\" class=\"slider-4 slide-718\" \/><\/li>\n            <\/ul>\n        <\/div>\n        \n    <\/div>\n<\/div>\n<h2>F\u00f6rdere dein Potential<\/h2>\n<ul>\n<li>Pers\u00f6nlichkeitsbildung und Entwicklung<\/li>\n<li>F\u00f6rderung und Begleitung pers\u00f6nlicher Prozesse<\/li>\n<li>Einzel- und Gruppenarbeit<\/li>\n<li>Teaching Circle Way (indigenous culture)<\/li>\n<li>Survival Kurse \/ Outdoor Praxis<\/li>\n<li>Ferienbegleitung <\/li>\n<li>Ferienbegleitung f\u00fcr Menschen mit Beeintr\u00e4chtigung.<\/li>\n<\/ul>\n<p>Hast du Bed\u00fcrnisse, etwas zu lernen? Etwas zu erleben? Einschr\u00e4nkungen psychischer, physischer oder sozialer Art? Brauchst du unterst\u00fctzung bei gewissen Alltagssituationen? Suchst du Fachpersonen f\u00fcr Tagungen und Vortr\u00e4ge an Schulen und in Institutionen?<\/p>\n<p>F\u00fcr Fragen und Beratung stehen wir dir gerne kostenlos zur Verf\u00fcgung.<\/p>\n<p><a href=\"mailto:Info@insidetours.ch\" data-wplink-edit=\"true\">Info@insidetours.ch<\/a><\/p>\n<p><a href=\"http:\/\/www.insidetours.ch\/wp-login.php?loggedout=true\">Anmelden<\/a><\/p>\n\n\n<div class=\"wp-block-buttons\">\n<div class=\"wp-block-button\"><a class=\"wp-block-button__link\"><\/a><\/div>\n<\/div>\n","protected":false},"excerpt":{"rendered":"<p>&#8230; eine Reise in neue Welten. Was erlebst du bei Insidetours&#8230; F\u00f6rdere dein Potential Pers\u00f6nlichkeitsbildung und Entwicklung F\u00f6rderung und Begleitung pers\u00f6nlicher Prozesse Einzel- und Gruppenarbeit Teaching Circle Way (indigenous culture) Survival Kurse \/ Outdoor Praxis Ferienbegleitung Ferienbegleitung f\u00fcr Menschen mit Beeintr\u00e4chtigung. Hast du Bed\u00fcrnisse, etwas zu lernen? Etwas zu erleben? [&hellip;]<\/p>\n","protected":false},"author":2,"featured_media":0,"parent":0,"menu_order":1,"comment_status":"closed","ping_status":"closed","template":"","meta":{"_links_to":"","_links_to_target":""},"_links":{"self":[{"href":"https:\/\/www.insidetours.ch\/index.php?rest_route=\/wp\/v2\/pages\/36"}],"collection":[{"href":"https:\/\/www.insidetours.ch\/index.php?rest_route=\/wp\/v2\/pages"}],"about":[{"href":"https:\/\/www.insidetours.ch\/index.php?rest_route=\/wp\/v2\/types\/page"}],"author":[{"embeddable":true,"href":"https:\/\/www.insidetours.ch\/index.php?rest_route=\/wp\/v2\/users\/2"}],"replies":[{"embeddable":true,"href":"https:\/\/www.insidetours.ch\/index.php?rest_route=%2Fwp%2Fv2%2Fcomments&post=36"}],"version-history":[{"count":46,"href":"https:\/\/www.insidetours.ch\/index.php?rest_route=\/wp\/v2\/pages\/36\/revisions"}],"predecessor-version":[{"id":1765,"href":"https:\/\/www.insidetours.ch\/index.php?rest_route=\/wp\/v2\/pages\/36\/revisions\/1765"}],"wp:attachment":[{"href":"https:\/\/www.insidetours.ch\/index.php?rest_route=%2Fwp%2Fv2%2Fmedia&parent=36"}],"curies":[{"name":"wp","href":"https:\/\/api.w.org\/{rel}","templated":true}]}}