{"id":844,"date":"2017-01-24T17:00:54","date_gmt":"2017-01-24T17:00:54","guid":{"rendered":"http:\/\/www.insidetours.ch\/?page_id=844"},"modified":"2017-01-28T20:49:31","modified_gmt":"2017-01-28T20:49:31","slug":"schulunterricht","status":"publish","type":"page","link":"https:\/\/www.insidetours.ch\/?page_id=844","title":{"rendered":"2014 Schulunterricht"},"content":{"rendered":"<h1><strong><span style=\"font-size: large;\">Unterricht Schulhaus Ziel in St. Gallen<br \/>\n<\/span><\/strong><\/h1>\n<h1><strong><span style=\"font-size: large;\">Gestaltung des Unterrichts w\u00e4hrend 10 Lektionen im Dezember 2014 und Januar 2015 mit 5. und 6. Kl\u00e4sslern.<br \/>\n<\/span><\/strong><\/h1>\n<p>&nbsp;<\/p>\n<h1><strong><span style=\"font-size: large;\">Unterrichtsinhalt:<\/span><\/strong><\/h1>\n<p>&nbsp;<\/p>\n<h2><span style=\"font-size: large;\">Bereich: Kommunikation und Gruppendynamik <\/span><\/h2>\n<p><span style=\"font-size: small;\">-Kommunikationstechniken<\/span><\/p>\n<p><span style=\"font-size: small;\"> -Kommunikationsgestaltung<\/span><\/p>\n<p><span style=\"font-size: small;\"> -Kommunikationsrituale und rituelle Gestaltung<\/span><\/p>\n<p><span style=\"font-size: small;\"> -Wertevermittlung <\/span><\/p>\n<p><span style=\"font-size: small;\"> -Selbsterfahrung und Reflektion<\/span><\/p>\n<p><span style=\"font-size: small;\"> -F\u00f6rderung von Transph\u00e4rf\u00e4higkeiten<\/span><\/p>\n<p><span style=\"font-size: small;\"> -Kreativtechniken<\/span><\/p>\n<p>&nbsp;<\/p>\n<h2><span style=\"font-size: large;\">Kultur und Religion <\/span><\/h2>\n<p><span style=\"font-size: small;\">-Erl\u00e4utern der Kultur und Religion der Wampanoag-Indianer aus <\/span><\/p>\n<p><span style=\"font-size: small;\"> Nord Amerika (Weg des Kreises).<\/span><\/p>\n<p><span style=\"font-size: small;\"> -Auseinandersetzung mit den Sichtweisen und Wertvorstellungen der Wampanoag.<\/span><\/p>\n","protected":false},"excerpt":{"rendered":"<p>Unterricht Schulhaus Ziel in St. Gallen Gestaltung des Unterrichts w\u00e4hrend 10 Lektionen im Dezember 2014 und Januar 2015 mit 5. und 6. Kl\u00e4sslern. &nbsp; Unterrichtsinhalt: &nbsp; Bereich: Kommunikation und Gruppendynamik -Kommunikationstechniken -Kommunikationsgestaltung -Kommunikationsrituale und rituelle Gestaltung -Wertevermittlung -Selbsterfahrung und Reflektion -F\u00f6rderung von Transph\u00e4rf\u00e4higkeiten -Kreativtechniken &nbsp; Kultur und Religion -Erl\u00e4utern der [&hellip;]<\/p>\n","protected":false},"author":2,"featured_media":0,"parent":29,"menu_order":10,"comment_status":"closed","ping_status":"closed","template":"","meta":{"_links_to":"","_links_to_target":""},"_links":{"self":[{"href":"https:\/\/www.insidetours.ch\/index.php?rest_route=\/wp\/v2\/pages\/844"}],"collection":[{"href":"https:\/\/www.insidetours.ch\/index.php?rest_route=\/wp\/v2\/pages"}],"about":[{"href":"https:\/\/www.insidetours.ch\/index.php?rest_route=\/wp\/v2\/types\/page"}],"author":[{"embeddable":true,"href":"https:\/\/www.insidetours.ch\/index.php?rest_route=\/wp\/v2\/users\/2"}],"replies":[{"embeddable":true,"href":"https:\/\/www.insidetours.ch\/index.php?rest_route=%2Fwp%2Fv2%2Fcomments&post=844"}],"version-history":[{"count":9,"href":"https:\/\/www.insidetours.ch\/index.php?rest_route=\/wp\/v2\/pages\/844\/revisions"}],"predecessor-version":[{"id":969,"href":"https:\/\/www.insidetours.ch\/index.php?rest_route=\/wp\/v2\/pages\/844\/revisions\/969"}],"up":[{"embeddable":true,"href":"https:\/\/www.insidetours.ch\/index.php?rest_route=\/wp\/v2\/pages\/29"}],"wp:attachment":[{"href":"https:\/\/www.insidetours.ch\/index.php?rest_route=%2Fwp%2Fv2%2Fmedia&parent=844"}],"curies":[{"name":"wp","href":"https:\/\/api.w.org\/{rel}","templated":true}]}}