{"id":860,"date":"2017-01-24T17:11:59","date_gmt":"2017-01-24T17:11:59","guid":{"rendered":"http:\/\/www.insidetours.ch\/?page_id=860"},"modified":"2018-02-18T22:14:31","modified_gmt":"2018-02-18T22:14:31","slug":"feriengestaltung","status":"publish","type":"page","link":"https:\/\/www.insidetours.ch\/?page_id=860","title":{"rendered":"2013 Feriengestaltung"},"content":{"rendered":"<p><img loading=\"lazy\" class=\"wp-image-948 alignnone\" src=\"http:\/\/www.insidetours.ch\/wp-content\/uploads\/2017\/01\/DSCF0848-e1485634936655-300x112.jpg\" alt=\"\" width=\"715\" height=\"267\" srcset=\"https:\/\/www.insidetours.ch\/wp-content\/uploads\/2017\/01\/DSCF0848-e1485634936655-300x112.jpg 300w, https:\/\/www.insidetours.ch\/wp-content\/uploads\/2017\/01\/DSCF0848-e1485634936655-600x223.jpg 600w, https:\/\/www.insidetours.ch\/wp-content\/uploads\/2017\/01\/DSCF0848-e1485634936655-768x286.jpg 768w, https:\/\/www.insidetours.ch\/wp-content\/uploads\/2017\/01\/DSCF0848-e1485634936655-1024x381.jpg 1024w\" sizes=\"(max-width: 715px) 100vw, 715px\" \/><\/p>\n<p>&nbsp;<\/p>\n<p>F\u00fcr die Bewohner und Bewohnerinnen einer Stiftung im Kanton Appenzell gestallteten wir zu Zweit, drei Tage der regionalen Bewohnerferien. Unsere Unternehmungen f\u00fcrten uns mit einem Schlauchboot auf einen nebenfluss des Alten Rheins und in die Idylle einer \u00dcbernachtung in einer H\u00f6le. Zusammen verbrachten wir eine freudige Zeit in der Natur, erlebten Abenteuer, kochten auf dem Feuer und sangen mit Gitarre am Lagerfeuer.<\/p>\n<p>&nbsp;<\/p>\n<p><img loading=\"lazy\" class=\"wp-image-950 aligncenter\" src=\"http:\/\/www.insidetours.ch\/wp-content\/uploads\/2017\/01\/DSCF0948-300x225.jpg\" alt=\"\" width=\"479\" height=\"359\" srcset=\"https:\/\/www.insidetours.ch\/wp-content\/uploads\/2017\/01\/DSCF0948-300x225.jpg 300w, https:\/\/www.insidetours.ch\/wp-content\/uploads\/2017\/01\/DSCF0948-600x450.jpg 600w, https:\/\/www.insidetours.ch\/wp-content\/uploads\/2017\/01\/DSCF0948-768x576.jpg 768w, https:\/\/www.insidetours.ch\/wp-content\/uploads\/2017\/01\/DSCF0948-1024x768.jpg 1024w\" sizes=\"(max-width: 479px) 100vw, 479px\" \/><\/p>\n<p><img loading=\"lazy\" class=\"size-medium wp-image-953 alignleft\" src=\"http:\/\/www.insidetours.ch\/wp-content\/uploads\/2017\/01\/DSCF0881-e1485635155423-274x300.jpg\" alt=\"\" width=\"274\" height=\"300\" srcset=\"https:\/\/www.insidetours.ch\/wp-content\/uploads\/2017\/01\/DSCF0881-e1485635155423-274x300.jpg 274w, https:\/\/www.insidetours.ch\/wp-content\/uploads\/2017\/01\/DSCF0881-e1485635155423-600x657.jpg 600w, https:\/\/www.insidetours.ch\/wp-content\/uploads\/2017\/01\/DSCF0881-e1485635155423-768x841.jpg 768w, https:\/\/www.insidetours.ch\/wp-content\/uploads\/2017\/01\/DSCF0881-e1485635155423-935x1024.jpg 935w\" sizes=\"(max-width: 274px) 100vw, 274px\" \/><img loading=\"lazy\" class=\"wp-image-947 alignright\" src=\"http:\/\/www.insidetours.ch\/wp-content\/uploads\/2017\/01\/DSCF0843-300x225.jpg\" alt=\"\" width=\"399\" height=\"299\" srcset=\"https:\/\/www.insidetours.ch\/wp-content\/uploads\/2017\/01\/DSCF0843-300x225.jpg 300w, https:\/\/www.insidetours.ch\/wp-content\/uploads\/2017\/01\/DSCF0843-600x450.jpg 600w, https:\/\/www.insidetours.ch\/wp-content\/uploads\/2017\/01\/DSCF0843-768x576.jpg 768w, https:\/\/www.insidetours.ch\/wp-content\/uploads\/2017\/01\/DSCF0843-1024x768.jpg 1024w\" sizes=\"(max-width: 399px) 100vw, 399px\" \/><\/p>\n<p>&nbsp;<\/p>\n<p>&nbsp;<\/p>\n<p>&nbsp;<\/p>\n<p>&nbsp;<\/p>\n<p>&nbsp;<\/p>\n<p>&nbsp;<\/p>\n<p>&nbsp;<\/p>\n<p>&nbsp;<\/p>\n<p><img loading=\"lazy\" class=\" wp-image-958 aligncenter\" src=\"http:\/\/www.insidetours.ch\/wp-content\/uploads\/2017\/01\/DSCF0819-300x225.jpg\" alt=\"\" width=\"400\" height=\"300\" srcset=\"https:\/\/www.insidetours.ch\/wp-content\/uploads\/2017\/01\/DSCF0819-300x225.jpg 300w, https:\/\/www.insidetours.ch\/wp-content\/uploads\/2017\/01\/DSCF0819-600x450.jpg 600w, https:\/\/www.insidetours.ch\/wp-content\/uploads\/2017\/01\/DSCF0819-768x576.jpg 768w, https:\/\/www.insidetours.ch\/wp-content\/uploads\/2017\/01\/DSCF0819-1024x768.jpg 1024w\" sizes=\"(max-width: 400px) 100vw, 400px\" \/><\/p>\n","protected":false},"excerpt":{"rendered":"<p>&nbsp; F\u00fcr die Bewohner und Bewohnerinnen einer Stiftung im Kanton Appenzell gestallteten wir zu Zweit, drei Tage der regionalen Bewohnerferien. Unsere Unternehmungen f\u00fcrten uns mit einem Schlauchboot auf einen nebenfluss des Alten Rheins und in die Idylle einer \u00dcbernachtung in einer H\u00f6le. Zusammen verbrachten wir eine freudige Zeit in der [&hellip;]<\/p>\n","protected":false},"author":2,"featured_media":0,"parent":29,"menu_order":10,"comment_status":"closed","ping_status":"closed","template":"","meta":{"_links_to":"","_links_to_target":""},"_links":{"self":[{"href":"https:\/\/www.insidetours.ch\/index.php?rest_route=\/wp\/v2\/pages\/860"}],"collection":[{"href":"https:\/\/www.insidetours.ch\/index.php?rest_route=\/wp\/v2\/pages"}],"about":[{"href":"https:\/\/www.insidetours.ch\/index.php?rest_route=\/wp\/v2\/types\/page"}],"author":[{"embeddable":true,"href":"https:\/\/www.insidetours.ch\/index.php?rest_route=\/wp\/v2\/users\/2"}],"replies":[{"embeddable":true,"href":"https:\/\/www.insidetours.ch\/index.php?rest_route=%2Fwp%2Fv2%2Fcomments&post=860"}],"version-history":[{"count":12,"href":"https:\/\/www.insidetours.ch\/index.php?rest_route=\/wp\/v2\/pages\/860\/revisions"}],"predecessor-version":[{"id":1115,"href":"https:\/\/www.insidetours.ch\/index.php?rest_route=\/wp\/v2\/pages\/860\/revisions\/1115"}],"up":[{"embeddable":true,"href":"https:\/\/www.insidetours.ch\/index.php?rest_route=\/wp\/v2\/pages\/29"}],"wp:attachment":[{"href":"https:\/\/www.insidetours.ch\/index.php?rest_route=%2Fwp%2Fv2%2Fmedia&parent=860"}],"curies":[{"name":"wp","href":"https:\/\/api.w.org\/{rel}","templated":true}]}}