{"id":864,"date":"2017-01-24T17:51:51","date_gmt":"2017-01-24T17:51:51","guid":{"rendered":"http:\/\/www.insidetours.ch\/?page_id=864"},"modified":"2018-02-18T22:13:48","modified_gmt":"2018-02-18T22:13:48","slug":"2013-schneeschuhwanderung","status":"publish","type":"page","link":"https:\/\/www.insidetours.ch\/?page_id=864","title":{"rendered":"2013 Schneeschuhwanderung"},"content":{"rendered":"<p><img loading=\"lazy\" class=\"wp-image-866 alignnone\" src=\"http:\/\/www.insidetours.ch\/wp-content\/uploads\/2017\/01\/2013-03-06-14.17.48-e1485636371412-300x118.jpg\" width=\"653\" height=\"257\" srcset=\"https:\/\/www.insidetours.ch\/wp-content\/uploads\/2017\/01\/2013-03-06-14.17.48-e1485636371412-300x118.jpg 300w, https:\/\/www.insidetours.ch\/wp-content\/uploads\/2017\/01\/2013-03-06-14.17.48-e1485636371412-600x237.jpg 600w, https:\/\/www.insidetours.ch\/wp-content\/uploads\/2017\/01\/2013-03-06-14.17.48-e1485636371412-768x303.jpg 768w, https:\/\/www.insidetours.ch\/wp-content\/uploads\/2017\/01\/2013-03-06-14.17.48-e1485636371412-1024x404.jpg 1024w\" sizes=\"(max-width: 653px) 100vw, 653px\" \/><\/p>\n<p>&nbsp;<\/p>\n<p>Im Ramen meiner Anstellung in der Stiftung Waldheim organisierte ich die J\u00e4rliche Schneeschuwanderung. Wir waren 2 Betreuuer und 6 Bewohner. Wir verbrachten 2 Tage in der Chamhald\u00e4h\u00fctte in der Schw\u00e4galp, ganz nahe des S\u00e4ntis. Eine sch\u00f6ne und friedvolle Zeit, welche die Bewohner sehr sch\u00e4tzten und sich darauf freuten.<\/p>\n","protected":false},"excerpt":{"rendered":"<p>&nbsp; Im Ramen meiner Anstellung in der Stiftung Waldheim organisierte ich die J\u00e4rliche Schneeschuwanderung. Wir waren 2 Betreuuer und 6 Bewohner. Wir verbrachten 2 Tage in der Chamhald\u00e4h\u00fctte in der Schw\u00e4galp, ganz nahe des S\u00e4ntis. Eine sch\u00f6ne und friedvolle Zeit, welche die Bewohner sehr sch\u00e4tzten und sich darauf freuten.<\/p>\n","protected":false},"author":2,"featured_media":0,"parent":29,"menu_order":10,"comment_status":"closed","ping_status":"closed","template":"","meta":{"_links_to":"","_links_to_target":""},"_links":{"self":[{"href":"https:\/\/www.insidetours.ch\/index.php?rest_route=\/wp\/v2\/pages\/864"}],"collection":[{"href":"https:\/\/www.insidetours.ch\/index.php?rest_route=\/wp\/v2\/pages"}],"about":[{"href":"https:\/\/www.insidetours.ch\/index.php?rest_route=\/wp\/v2\/types\/page"}],"author":[{"embeddable":true,"href":"https:\/\/www.insidetours.ch\/index.php?rest_route=\/wp\/v2\/users\/2"}],"replies":[{"embeddable":true,"href":"https:\/\/www.insidetours.ch\/index.php?rest_route=%2Fwp%2Fv2%2Fcomments&post=864"}],"version-history":[{"count":8,"href":"https:\/\/www.insidetours.ch\/index.php?rest_route=\/wp\/v2\/pages\/864\/revisions"}],"predecessor-version":[{"id":1114,"href":"https:\/\/www.insidetours.ch\/index.php?rest_route=\/wp\/v2\/pages\/864\/revisions\/1114"}],"up":[{"embeddable":true,"href":"https:\/\/www.insidetours.ch\/index.php?rest_route=\/wp\/v2\/pages\/29"}],"wp:attachment":[{"href":"https:\/\/www.insidetours.ch\/index.php?rest_route=%2Fwp%2Fv2%2Fmedia&parent=864"}],"curies":[{"name":"wp","href":"https:\/\/api.w.org\/{rel}","templated":true}]}}