{"id":869,"date":"2017-01-24T17:57:03","date_gmt":"2017-01-24T17:57:03","guid":{"rendered":"http:\/\/www.insidetours.ch\/?page_id=869"},"modified":"2017-01-28T20:00:54","modified_gmt":"2017-01-28T20:00:54","slug":"2014-schneeschuhwanderung","status":"publish","type":"page","link":"https:\/\/www.insidetours.ch\/?page_id=869","title":{"rendered":"2014 Schneeschuhwanderung"},"content":{"rendered":"<p><img loading=\"lazy\" class=\"wp-image-873 aligncenter\" src=\"http:\/\/www.insidetours.ch\/wp-content\/uploads\/2017\/01\/DSCF1181-300x56.jpg\" alt=\"\" width=\"1077\" height=\"201\" srcset=\"https:\/\/www.insidetours.ch\/wp-content\/uploads\/2017\/01\/DSCF1181-300x56.jpg 300w, https:\/\/www.insidetours.ch\/wp-content\/uploads\/2017\/01\/DSCF1181-600x113.jpg 600w, https:\/\/www.insidetours.ch\/wp-content\/uploads\/2017\/01\/DSCF1181-768x144.jpg 768w, https:\/\/www.insidetours.ch\/wp-content\/uploads\/2017\/01\/DSCF1181-1024x192.jpg 1024w\" sizes=\"(max-width: 1077px) 100vw, 1077px\" \/><\/p>\n<p>Auch dieses Jahr war ich im Ramen meiner Anstellung in der Stiftung Waldheim in der Chamhald\u00e4h\u00fctte in der Schw\u00e4galp, im Alpsteingebiert. Dieses Jahr flossen schon elebnisp\u00e4dagogische Elemente meiner Ausbildung mit in die Reise ein. Wir (2 Betreuuer und 6 Bewohner) assen Schlangenbrot am Feuer, wanderten in Schneeschuhen und genossen das herrliche sonnige Wetter.<\/p>\n<p>&nbsp;<\/p>\n<p><img loading=\"lazy\" class=\"size-medium wp-image-871 alignleft\" src=\"http:\/\/www.insidetours.ch\/wp-content\/uploads\/2017\/01\/DSCF1145-300x225.jpg\" alt=\"\" width=\"300\" height=\"225\" srcset=\"https:\/\/www.insidetours.ch\/wp-content\/uploads\/2017\/01\/DSCF1145-300x225.jpg 300w, https:\/\/www.insidetours.ch\/wp-content\/uploads\/2017\/01\/DSCF1145-600x450.jpg 600w, https:\/\/www.insidetours.ch\/wp-content\/uploads\/2017\/01\/DSCF1145-768x576.jpg 768w, https:\/\/www.insidetours.ch\/wp-content\/uploads\/2017\/01\/DSCF1145-1024x768.jpg 1024w\" sizes=\"(max-width: 300px) 100vw, 300px\" \/><\/p>\n<p><img loading=\"lazy\" class=\"size-medium wp-image-872 alignright\" src=\"http:\/\/www.insidetours.ch\/wp-content\/uploads\/2017\/01\/DSCF1173-300x225.jpg\" alt=\"\" width=\"300\" height=\"225\" srcset=\"https:\/\/www.insidetours.ch\/wp-content\/uploads\/2017\/01\/DSCF1173-300x225.jpg 300w, https:\/\/www.insidetours.ch\/wp-content\/uploads\/2017\/01\/DSCF1173-600x450.jpg 600w, https:\/\/www.insidetours.ch\/wp-content\/uploads\/2017\/01\/DSCF1173-768x576.jpg 768w, https:\/\/www.insidetours.ch\/wp-content\/uploads\/2017\/01\/DSCF1173-1024x768.jpg 1024w\" sizes=\"(max-width: 300px) 100vw, 300px\" \/><\/p>\n<p><img loading=\"lazy\" class=\"size-medium wp-image-876 aligncenter\" src=\"http:\/\/www.insidetours.ch\/wp-content\/uploads\/2017\/01\/DSCF1199-300x225.jpg\" alt=\"\" width=\"300\" height=\"225\" srcset=\"https:\/\/www.insidetours.ch\/wp-content\/uploads\/2017\/01\/DSCF1199-300x225.jpg 300w, https:\/\/www.insidetours.ch\/wp-content\/uploads\/2017\/01\/DSCF1199-600x450.jpg 600w, https:\/\/www.insidetours.ch\/wp-content\/uploads\/2017\/01\/DSCF1199-768x576.jpg 768w, https:\/\/www.insidetours.ch\/wp-content\/uploads\/2017\/01\/DSCF1199-1024x768.jpg 1024w\" sizes=\"(max-width: 300px) 100vw, 300px\" \/><\/p>\n","protected":false},"excerpt":{"rendered":"<p>Auch dieses Jahr war ich im Ramen meiner Anstellung in der Stiftung Waldheim in der Chamhald\u00e4h\u00fctte in der Schw\u00e4galp, im Alpsteingebiert. Dieses Jahr flossen schon elebnisp\u00e4dagogische Elemente meiner Ausbildung mit in die Reise ein. Wir (2 Betreuuer und 6 Bewohner) assen Schlangenbrot am Feuer, wanderten in Schneeschuhen und genossen das [&hellip;]<\/p>\n","protected":false},"author":2,"featured_media":0,"parent":29,"menu_order":10,"comment_status":"closed","ping_status":"closed","template":"","meta":{"_links_to":"","_links_to_target":""},"_links":{"self":[{"href":"https:\/\/www.insidetours.ch\/index.php?rest_route=\/wp\/v2\/pages\/869"}],"collection":[{"href":"https:\/\/www.insidetours.ch\/index.php?rest_route=\/wp\/v2\/pages"}],"about":[{"href":"https:\/\/www.insidetours.ch\/index.php?rest_route=\/wp\/v2\/types\/page"}],"author":[{"embeddable":true,"href":"https:\/\/www.insidetours.ch\/index.php?rest_route=\/wp\/v2\/users\/2"}],"replies":[{"embeddable":true,"href":"https:\/\/www.insidetours.ch\/index.php?rest_route=%2Fwp%2Fv2%2Fcomments&post=869"}],"version-history":[{"count":9,"href":"https:\/\/www.insidetours.ch\/index.php?rest_route=\/wp\/v2\/pages\/869\/revisions"}],"predecessor-version":[{"id":929,"href":"https:\/\/www.insidetours.ch\/index.php?rest_route=\/wp\/v2\/pages\/869\/revisions\/929"}],"up":[{"embeddable":true,"href":"https:\/\/www.insidetours.ch\/index.php?rest_route=\/wp\/v2\/pages\/29"}],"wp:attachment":[{"href":"https:\/\/www.insidetours.ch\/index.php?rest_route=%2Fwp%2Fv2%2Fmedia&parent=869"}],"curies":[{"name":"wp","href":"https:\/\/api.w.org\/{rel}","templated":true}]}}