{"id":926,"date":"2017-01-28T19:59:24","date_gmt":"2017-01-28T19:59:24","guid":{"rendered":"http:\/\/www.insidetours.ch\/?page_id=926"},"modified":"2018-02-18T22:16:23","modified_gmt":"2018-02-18T22:16:23","slug":"2015-schneeschuhwanderung","status":"publish","type":"page","link":"https:\/\/www.insidetours.ch\/?page_id=926","title":{"rendered":"2015 Schneeschuhwanderung"},"content":{"rendered":"<p><img loading=\"lazy\" class=\"wp-image-936 alignnone\" src=\"http:\/\/www.insidetours.ch\/wp-content\/uploads\/2017\/01\/DSCF1925-e1485633720172-300x126.jpg\" alt=\"\" width=\"681\" height=\"286\" srcset=\"https:\/\/www.insidetours.ch\/wp-content\/uploads\/2017\/01\/DSCF1925-e1485633720172-300x126.jpg 300w, https:\/\/www.insidetours.ch\/wp-content\/uploads\/2017\/01\/DSCF1925-e1485633720172-600x252.jpg 600w, https:\/\/www.insidetours.ch\/wp-content\/uploads\/2017\/01\/DSCF1925-e1485633720172-768x322.jpg 768w, https:\/\/www.insidetours.ch\/wp-content\/uploads\/2017\/01\/DSCF1925-e1485633720172-1024x430.jpg 1024w\" sizes=\"(max-width: 681px) 100vw, 681px\" \/><\/p>\n<p>&nbsp;<\/p>\n<p>Ein weiteres Jahr&#8230; wieder im Ramen meiner Anstellung in der Stiftung Waldheim f\u00fchrte uns der Weg zur Chamhald\u00e4h\u00fctte in der Schw\u00e4galp, im Alpsteingebiert. Dieses Jahr spielten und lernten wir durch elebnisp\u00e4dagogische Elemente. Wir (2 Betreuuer und 6 Bewohner) waren deswegen auch 3 Tage unterwegs. Zusammen bereiteten wir Abendessen zu wanderten in Schneeschuhen, vertieften unsere Gedanken in einem Elebnislabyrint entdeckten verlassene Jeti-Behausungen, erz\u00e4hlten uns Geschichten mit dem Redestab und genossen das herrliche sonnige Wetter. In der eisigen Nacht wurde uns ein unglaublich reicher Sternenhimmel mit doch einigen Sternschnuppen zu teil.<\/p>\n<p>&nbsp;<\/p>\n<p><img loading=\"lazy\" class=\"wp-image-933 aligncenter\" src=\"http:\/\/www.insidetours.ch\/wp-content\/uploads\/2017\/01\/20150218_171236-300x169.jpg\" alt=\"\" width=\"394\" height=\"222\" srcset=\"https:\/\/www.insidetours.ch\/wp-content\/uploads\/2017\/01\/20150218_171236-300x169.jpg 300w, https:\/\/www.insidetours.ch\/wp-content\/uploads\/2017\/01\/20150218_171236-600x338.jpg 600w, https:\/\/www.insidetours.ch\/wp-content\/uploads\/2017\/01\/20150218_171236-768x432.jpg 768w, https:\/\/www.insidetours.ch\/wp-content\/uploads\/2017\/01\/20150218_171236-1024x576.jpg 1024w\" sizes=\"(max-width: 394px) 100vw, 394px\" \/><\/p>\n<p><img loading=\"lazy\" class=\"size-medium wp-image-937 alignleft\" src=\"http:\/\/www.insidetours.ch\/wp-content\/uploads\/2017\/01\/DSCF1926-300x225.jpg\" alt=\"\" width=\"300\" height=\"225\" srcset=\"https:\/\/www.insidetours.ch\/wp-content\/uploads\/2017\/01\/DSCF1926-300x225.jpg 300w, https:\/\/www.insidetours.ch\/wp-content\/uploads\/2017\/01\/DSCF1926-600x450.jpg 600w, https:\/\/www.insidetours.ch\/wp-content\/uploads\/2017\/01\/DSCF1926-768x576.jpg 768w, https:\/\/www.insidetours.ch\/wp-content\/uploads\/2017\/01\/DSCF1926-1024x768.jpg 1024w\" sizes=\"(max-width: 300px) 100vw, 300px\" \/><img loading=\"lazy\" class=\"size-medium wp-image-938 alignright\" src=\"http:\/\/www.insidetours.ch\/wp-content\/uploads\/2017\/01\/DSCF1934-300x225.jpg\" alt=\"\" width=\"300\" height=\"225\" srcset=\"https:\/\/www.insidetours.ch\/wp-content\/uploads\/2017\/01\/DSCF1934-300x225.jpg 300w, https:\/\/www.insidetours.ch\/wp-content\/uploads\/2017\/01\/DSCF1934-600x450.jpg 600w, https:\/\/www.insidetours.ch\/wp-content\/uploads\/2017\/01\/DSCF1934-768x576.jpg 768w, https:\/\/www.insidetours.ch\/wp-content\/uploads\/2017\/01\/DSCF1934-1024x768.jpg 1024w\" sizes=\"(max-width: 300px) 100vw, 300px\" \/><\/p>\n<p>&nbsp;<\/p>\n<p>&nbsp;<\/p>\n<p>&nbsp;<\/p>\n<p>&nbsp;<\/p>\n<p>&nbsp;<\/p>\n<p>&nbsp;<\/p>\n<p>&nbsp;<\/p>\n<p><img loading=\"lazy\" class=\"wp-image-934 aligncenter\" src=\"http:\/\/www.insidetours.ch\/wp-content\/uploads\/2017\/01\/20150218_173917-300x169.jpg\" alt=\"\" width=\"478\" height=\"269\" srcset=\"https:\/\/www.insidetours.ch\/wp-content\/uploads\/2017\/01\/20150218_173917-300x169.jpg 300w, https:\/\/www.insidetours.ch\/wp-content\/uploads\/2017\/01\/20150218_173917-600x338.jpg 600w, https:\/\/www.insidetours.ch\/wp-content\/uploads\/2017\/01\/20150218_173917-768x432.jpg 768w, https:\/\/www.insidetours.ch\/wp-content\/uploads\/2017\/01\/20150218_173917-1024x576.jpg 1024w\" sizes=\"(max-width: 478px) 100vw, 478px\" \/><\/p>\n","protected":false},"excerpt":{"rendered":"<p>&nbsp; Ein weiteres Jahr&#8230; wieder im Ramen meiner Anstellung in der Stiftung Waldheim f\u00fchrte uns der Weg zur Chamhald\u00e4h\u00fctte in der Schw\u00e4galp, im Alpsteingebiert. Dieses Jahr spielten und lernten wir durch elebnisp\u00e4dagogische Elemente. Wir (2 Betreuuer und 6 Bewohner) waren deswegen auch 3 Tage unterwegs. Zusammen bereiteten wir Abendessen zu [&hellip;]<\/p>\n","protected":false},"author":2,"featured_media":0,"parent":29,"menu_order":10,"comment_status":"closed","ping_status":"closed","template":"","meta":{"_links_to":"","_links_to_target":""},"_links":{"self":[{"href":"https:\/\/www.insidetours.ch\/index.php?rest_route=\/wp\/v2\/pages\/926"}],"collection":[{"href":"https:\/\/www.insidetours.ch\/index.php?rest_route=\/wp\/v2\/pages"}],"about":[{"href":"https:\/\/www.insidetours.ch\/index.php?rest_route=\/wp\/v2\/types\/page"}],"author":[{"embeddable":true,"href":"https:\/\/www.insidetours.ch\/index.php?rest_route=\/wp\/v2\/users\/2"}],"replies":[{"embeddable":true,"href":"https:\/\/www.insidetours.ch\/index.php?rest_route=%2Fwp%2Fv2%2Fcomments&post=926"}],"version-history":[{"count":7,"href":"https:\/\/www.insidetours.ch\/index.php?rest_route=\/wp\/v2\/pages\/926\/revisions"}],"predecessor-version":[{"id":1117,"href":"https:\/\/www.insidetours.ch\/index.php?rest_route=\/wp\/v2\/pages\/926\/revisions\/1117"}],"up":[{"embeddable":true,"href":"https:\/\/www.insidetours.ch\/index.php?rest_route=\/wp\/v2\/pages\/29"}],"wp:attachment":[{"href":"https:\/\/www.insidetours.ch\/index.php?rest_route=%2Fwp%2Fv2%2Fmedia&parent=926"}],"curies":[{"name":"wp","href":"https:\/\/api.w.org\/{rel}","templated":true}]}}